{"id":439,"date":"2018-10-25T18:45:58","date_gmt":"2018-10-25T18:45:58","guid":{"rendered":"https:\/\/maxivus.com\/elektrotehniline-teras\/"},"modified":"2019-01-14T08:15:27","modified_gmt":"2019-01-14T08:15:27","slug":"elektrotehniline-teras","status":"publish","type":"page","link":"https:\/\/maxivus.com\/fi\/elektrotehniline-teras\/","title":{"rendered":"S\u00e4hk\u00f6tekninen ter\u00e4s"},"content":{"rendered":"<section class=\"l-section wpb_row height_medium\"><div class=\"l-section-h i-cf\"><div class=\"g-cols vc_row type_default valign_top\"><div class=\"vc_col-sm-12 wpb_column vc_column_container\"><div class=\"vc_column-inner\"><div class=\"wpb_wrapper\"><div class=\"g-cols wpb_row type_boxes valign_top vc_inner \"><div class=\"vc_col-sm-6 wpb_column vc_column_container has-fill\"><div class=\"vc_column-inner  vc_custom_1540493092446\"><div class=\"wpb_wrapper\">[vc_custom_heading source=&#8221;post_title&#8221; font_container=&#8221;tag:h2|font_size:38|text_align:left|color:%23ff103e&#8221; use_theme_fonts=&#8221;yes&#8221;][vc_custom_heading text=&#8221;S\u00e4hk\u00f6tekninen ter\u00e4s on ter\u00e4st\u00e4, jonka hiilipitoisuus on pieni (enint\u00e4\u00e4n 0,1 %) ja joka sis\u00e4lt\u00e4\u00e4 enint\u00e4\u00e4n 5 % piit\u00e4 ja v\u00e4h\u00e4isess\u00e4 m\u00e4\u00e4rin mangaania ja muita lis\u00e4aineita. T\u00e4llaista ter\u00e4st\u00e4 k\u00e4ytet\u00e4\u00e4n laajasti s\u00e4hk\u00f6tekniikan teollisuudessa.&#8221; font_container=&#8221;tag:div|font_size:18|text_align:left|color:%23353535|line_height:30px&#8221; google_fonts=&#8221;font_family:Roboto%3A100%2C100italic%2C300%2C300italic%2Cregular%2Citalic%2C500%2C500italic%2C700%2C700italic%2C900%2C900italic|font_style:300%20light%20regular%3A300%3Anormal&#8221; css=&#8221;.vc_custom_1547452261403{margin-bottom: 30px !important;}&#8221;][vc_empty_space]<div class=\"w-btn-wrapper align_left\"><a class=\"w-btn style_solid color_primary icon_none\" href=\"\/kontaktid\/\"><span class=\"w-btn-label\">Ota yhteytt\u00e4 <\/span><\/a><\/div><\/div><\/div><\/div><div class=\"vc_col-sm-6 wpb_column vc_column_container has-fill\"><div class=\"vc_column-inner  vc_custom_1540493872177\"><div class=\"wpb_wrapper\">[vc_empty_space height=&#8221;132px&#8221;]<\/div><\/div><\/div><\/div><\/div><\/div><\/div><\/div><\/div><\/section>\n","protected":false},"excerpt":{"rendered":"[vc_custom_heading source=\"post_title\" font_container=\"tag:h2|font_size:38|text_align:left|color:%23ff103e\" use_theme_fonts=\"yes\"][vc_custom_heading text=\"S\u00e4hk\u00f6tekninen ter\u00e4s on ter\u00e4st\u00e4, jonka hiilipitoisuus on pieni (enint\u00e4\u00e4n 0,1 %) ja joka sis\u00e4lt\u00e4\u00e4 enint\u00e4\u00e4n 5 % piit\u00e4 ja v\u00e4h\u00e4isess\u00e4 m\u00e4\u00e4rin mangaania ja muita lis\u00e4aineita. T\u00e4llaista ter\u00e4st\u00e4 k\u00e4ytet\u00e4\u00e4n laajasti s\u00e4hk\u00f6tekniikan teollisuudessa.\" font_container=\"tag:div|font_size:18|text_align:left|color:%23353535|line_height:30px\" google_fonts=\"font_family:Roboto%3A100%2C100italic%2C300%2C300italic%2Cregular%2Citalic%2C500%2C500italic%2C700%2C700italic%2C900%2C900italic|font_style:300%20light%20regular%3A300%3Anormal\" css=\".vc_custom_1547452261403{margin-bottom: 30px !important;}\"][vc_empty_space]Ota yhteytt\u00e4 [vc_empty_space height=\"132px\"]","protected":false},"author":1,"featured_media":0,"parent":0,"menu_order":0,"comment_status":"closed","ping_status":"closed","template":"","meta":[],"_links":{"self":[{"href":"https:\/\/maxivus.com\/fi\/wp-json\/wp\/v2\/pages\/439\/"}],"collection":[{"href":"https:\/\/maxivus.com\/fi\/wp-json\/wp\/v2\/pages\/"}],"about":[{"href":"https:\/\/maxivus.com\/fi\/wp-json\/wp\/v2\/types\/page\/"}],"author":[{"embeddable":true,"href":"https:\/\/maxivus.com\/fi\/wp-json\/wp\/v2\/users\/1\/"}],"replies":[{"embeddable":true,"href":"https:\/\/maxivus.com\/fi\/wp-json\/wp\/v2\/comments\/?post=439"}],"version-history":[{"count":3,"href":"https:\/\/maxivus.com\/fi\/wp-json\/wp\/v2\/pages\/439\/revisions\/"}],"predecessor-version":[{"id":478,"href":"https:\/\/maxivus.com\/fi\/wp-json\/wp\/v2\/pages\/439\/revisions\/478\/"}],"wp:attachment":[{"href":"https:\/\/maxivus.com\/fi\/wp-json\/wp\/v2\/media\/?parent=439"}],"curies":[{"name":"wp","href":"https:\/\/api.w.org\/{rel}","templated":true}]}}